{"id":72,"date":"2023-10-23T20:15:37","date_gmt":"2023-10-23T18:15:37","guid":{"rendered":"https:\/\/international.jolstad.no\/no\/?page_id=72"},"modified":"2023-12-01T12:41:41","modified_gmt":"2023-12-01T11:41:41","slug":"kontakt-oss","status":"publish","type":"page","link":"https:\/\/international.jolstad.no\/no\/kontakt-oss\/","title":{"rendered":"Kontakt oss"},"content":{"rendered":"<p>J\u00f8lstad International er et utpekt team innen J\u00f8lstad begravelsesbyr\u00e5er som ivaretar alt repatrieringsarbeid for private familier, andre begravelsesbyr\u00e5er og bedriftskunder. Vi er her for \u00e5 hjelpe deg, og har vaktpersonell tilgjengelig for \u00e5 hjelpe 24 timer i d\u00f8gnet.<\/p>\n","protected":false},"excerpt":{"rendered":"<p>J\u00f8lstad International er et utpekt team innen J\u00f8lstad begravelsesbyr\u00e5er som ivaretar alt repatrieringsarbeid for private familier, andre begravelsesbyr\u00e5er og bedriftskunder. [&hellip;]<\/p>\n","protected":false},"author":1,"featured_media":29,"parent":0,"menu_order":0,"comment_status":"closed","ping_status":"closed","template":"page-templates\/contact.php","meta":{"_acf_changed":false,"footnotes":""},"class_list":["post-72","page","type-page","status-publish","has-post-thumbnail","hentry"],"acf":[],"yoast_head":"<!-- This site is optimized with the Yoast SEO Premium plugin v21.0 (Yoast SEO v27.4) - https:\/\/yoast.com\/product\/yoast-seo-premium-wordpress\/ -->\n<title>Kontakt oss | J\u00f8lstad International<\/title>\n<meta name=\"description\" content=\"Vi er her for \u00e5 hjelpe deg, og har vaktpersonell tilgjengelig for \u00e5 hjelpe 24 timer i d\u00f8gnet. Ta kontakt med oss her.\" \/>\n<meta name=\"robots\" content=\"index, follow, max-snippet:-1, max-image-preview:large, max-video-preview:-1\" \/>\n<link rel=\"canonical\" href=\"https:\/\/international.jolstad.no\/no\/kontakt-oss\/\" \/>\n<meta property=\"og:locale\" content=\"nb_NO\" \/>\n<meta property=\"og:type\" content=\"article\" \/>\n<meta property=\"og:title\" content=\"Kontakt oss\" \/>\n<meta property=\"og:description\" content=\"Vi er her for \u00e5 hjelpe deg, og har vaktpersonell tilgjengelig for \u00e5 hjelpe 24 timer i d\u00f8gnet. Ta kontakt med oss her.\" \/>\n<meta property=\"og:url\" content=\"https:\/\/international.jolstad.no\/no\/kontakt-oss\/\" \/>\n<meta property=\"og:site_name\" content=\"J\u00f8lstad Repatriation Norge\" \/>\n<meta property=\"article:modified_time\" content=\"2023-12-01T11:41:41+00:00\" \/>\n<meta property=\"og:image\" content=\"https:\/\/international.jolstad.no\/no\/wp-content\/uploads\/sites\/7\/2023\/10\/kistetransport-jolstad.jpg\" \/>\n\t<meta property=\"og:image:width\" content=\"1920\" \/>\n\t<meta property=\"og:image:height\" content=\"1280\" \/>\n\t<meta property=\"og:image:type\" content=\"image\/jpeg\" \/>\n<meta name=\"twitter:card\" content=\"summary_large_image\" \/>\n<meta name=\"twitter:label1\" content=\"Ansl. lesetid\" \/>\n\t<meta name=\"twitter:data1\" content=\"1 minutt\" \/>\n<script type=\"application\/ld+json\" class=\"yoast-schema-graph\">{\"@context\":\"https:\\\/\\\/schema.org\",\"@graph\":[{\"@type\":\"WebPage\",\"@id\":\"https:\\\/\\\/international.jolstad.no\\\/no\\\/kontakt-oss\\\/\",\"url\":\"https:\\\/\\\/international.jolstad.no\\\/no\\\/kontakt-oss\\\/\",\"name\":\"Kontakt oss | J\u00f8lstad International\",\"isPartOf\":{\"@id\":\"https:\\\/\\\/international.jolstad.no\\\/no\\\/#website\"},\"primaryImageOfPage\":{\"@id\":\"https:\\\/\\\/international.jolstad.no\\\/no\\\/kontakt-oss\\\/#primaryimage\"},\"image\":{\"@id\":\"https:\\\/\\\/international.jolstad.no\\\/no\\\/kontakt-oss\\\/#primaryimage\"},\"thumbnailUrl\":\"https:\\\/\\\/international.jolstad.no\\\/no\\\/wp-content\\\/uploads\\\/sites\\\/7\\\/2023\\\/10\\\/kistetransport-jolstad.jpg\",\"datePublished\":\"2023-10-23T18:15:37+00:00\",\"dateModified\":\"2023-12-01T11:41:41+00:00\",\"description\":\"Vi er her for \u00e5 hjelpe deg, og har vaktpersonell tilgjengelig for \u00e5 hjelpe 24 timer i d\u00f8gnet. Ta kontakt med oss her.\",\"breadcrumb\":{\"@id\":\"https:\\\/\\\/international.jolstad.no\\\/no\\\/kontakt-oss\\\/#breadcrumb\"},\"inLanguage\":\"nb-NO\",\"potentialAction\":[{\"@type\":\"ReadAction\",\"target\":[\"https:\\\/\\\/international.jolstad.no\\\/no\\\/kontakt-oss\\\/\"]}]},{\"@type\":\"ImageObject\",\"inLanguage\":\"nb-NO\",\"@id\":\"https:\\\/\\\/international.jolstad.no\\\/no\\\/kontakt-oss\\\/#primaryimage\",\"url\":\"https:\\\/\\\/international.jolstad.no\\\/no\\\/wp-content\\\/uploads\\\/sites\\\/7\\\/2023\\\/10\\\/kistetransport-jolstad.jpg\",\"contentUrl\":\"https:\\\/\\\/international.jolstad.no\\\/no\\\/wp-content\\\/uploads\\\/sites\\\/7\\\/2023\\\/10\\\/kistetransport-jolstad.jpg\",\"width\":1920,\"height\":1280,\"caption\":\"Transport av kiste\"},{\"@type\":\"BreadcrumbList\",\"@id\":\"https:\\\/\\\/international.jolstad.no\\\/no\\\/kontakt-oss\\\/#breadcrumb\",\"itemListElement\":[{\"@type\":\"ListItem\",\"position\":1,\"name\":\"Hjem\",\"item\":\"https:\\\/\\\/international.jolstad.no\\\/no\\\/\"},{\"@type\":\"ListItem\",\"position\":2,\"name\":\"Kontakt oss\"}]},{\"@type\":\"WebSite\",\"@id\":\"https:\\\/\\\/international.jolstad.no\\\/no\\\/#website\",\"url\":\"https:\\\/\\\/international.jolstad.no\\\/no\\\/\",\"name\":\"J\u00f8lstad Repatriation Norge\",\"description\":\"Safety and quality\",\"publisher\":{\"@id\":\"https:\\\/\\\/international.jolstad.no\\\/no\\\/#organization\"},\"potentialAction\":[{\"@type\":\"SearchAction\",\"target\":{\"@type\":\"EntryPoint\",\"urlTemplate\":\"https:\\\/\\\/international.jolstad.no\\\/no\\\/?s={search_term_string}\"},\"query-input\":{\"@type\":\"PropertyValueSpecification\",\"valueRequired\":true,\"valueName\":\"search_term_string\"}}],\"inLanguage\":\"nb-NO\"},{\"@type\":\"Organization\",\"@id\":\"https:\\\/\\\/international.jolstad.no\\\/no\\\/#organization\",\"name\":\"J\u00f8lstad Repatriation Norge\",\"url\":\"https:\\\/\\\/international.jolstad.no\\\/no\\\/\",\"logo\":{\"@type\":\"ImageObject\",\"inLanguage\":\"nb-NO\",\"@id\":\"https:\\\/\\\/international.jolstad.no\\\/no\\\/#\\\/schema\\\/logo\\\/image\\\/\",\"url\":\"https:\\\/\\\/international.jolstad.no\\\/no\\\/wp-content\\\/uploads\\\/sites\\\/7\\\/2023\\\/11\\\/jolstad-international-sort.svg\",\"contentUrl\":\"https:\\\/\\\/international.jolstad.no\\\/no\\\/wp-content\\\/uploads\\\/sites\\\/7\\\/2023\\\/11\\\/jolstad-international-sort.svg\",\"caption\":\"J\u00f8lstad Repatriation Norge\"},\"image\":{\"@id\":\"https:\\\/\\\/international.jolstad.no\\\/no\\\/#\\\/schema\\\/logo\\\/image\\\/\"}}]}<\/script>\n<!-- \/ Yoast SEO Premium plugin. -->","yoast_head_json":{"title":"Kontakt oss | J\u00f8lstad International","description":"Vi er her for \u00e5 hjelpe deg, og har vaktpersonell tilgjengelig for \u00e5 hjelpe 24 timer i d\u00f8gnet. Ta kontakt med oss her.","robots":{"index":"index","follow":"follow","max-snippet":"max-snippet:-1","max-image-preview":"max-image-preview:large","max-video-preview":"max-video-preview:-1"},"canonical":"https:\/\/international.jolstad.no\/no\/kontakt-oss\/","og_locale":"nb_NO","og_type":"article","og_title":"Kontakt oss","og_description":"Vi er her for \u00e5 hjelpe deg, og har vaktpersonell tilgjengelig for \u00e5 hjelpe 24 timer i d\u00f8gnet. Ta kontakt med oss her.","og_url":"https:\/\/international.jolstad.no\/no\/kontakt-oss\/","og_site_name":"J\u00f8lstad Repatriation Norge","article_modified_time":"2023-12-01T11:41:41+00:00","og_image":[{"width":1920,"height":1280,"url":"https:\/\/international.jolstad.no\/no\/wp-content\/uploads\/sites\/7\/2023\/10\/kistetransport-jolstad.jpg","type":"image\/jpeg"}],"twitter_card":"summary_large_image","twitter_misc":{"Ansl. lesetid":"1 minutt"},"schema":{"@context":"https:\/\/schema.org","@graph":[{"@type":"WebPage","@id":"https:\/\/international.jolstad.no\/no\/kontakt-oss\/","url":"https:\/\/international.jolstad.no\/no\/kontakt-oss\/","name":"Kontakt oss | J\u00f8lstad International","isPartOf":{"@id":"https:\/\/international.jolstad.no\/no\/#website"},"primaryImageOfPage":{"@id":"https:\/\/international.jolstad.no\/no\/kontakt-oss\/#primaryimage"},"image":{"@id":"https:\/\/international.jolstad.no\/no\/kontakt-oss\/#primaryimage"},"thumbnailUrl":"https:\/\/international.jolstad.no\/no\/wp-content\/uploads\/sites\/7\/2023\/10\/kistetransport-jolstad.jpg","datePublished":"2023-10-23T18:15:37+00:00","dateModified":"2023-12-01T11:41:41+00:00","description":"Vi er her for \u00e5 hjelpe deg, og har vaktpersonell tilgjengelig for \u00e5 hjelpe 24 timer i d\u00f8gnet. Ta kontakt med oss her.","breadcrumb":{"@id":"https:\/\/international.jolstad.no\/no\/kontakt-oss\/#breadcrumb"},"inLanguage":"nb-NO","potentialAction":[{"@type":"ReadAction","target":["https:\/\/international.jolstad.no\/no\/kontakt-oss\/"]}]},{"@type":"ImageObject","inLanguage":"nb-NO","@id":"https:\/\/international.jolstad.no\/no\/kontakt-oss\/#primaryimage","url":"https:\/\/international.jolstad.no\/no\/wp-content\/uploads\/sites\/7\/2023\/10\/kistetransport-jolstad.jpg","contentUrl":"https:\/\/international.jolstad.no\/no\/wp-content\/uploads\/sites\/7\/2023\/10\/kistetransport-jolstad.jpg","width":1920,"height":1280,"caption":"Transport av kiste"},{"@type":"BreadcrumbList","@id":"https:\/\/international.jolstad.no\/no\/kontakt-oss\/#breadcrumb","itemListElement":[{"@type":"ListItem","position":1,"name":"Hjem","item":"https:\/\/international.jolstad.no\/no\/"},{"@type":"ListItem","position":2,"name":"Kontakt oss"}]},{"@type":"WebSite","@id":"https:\/\/international.jolstad.no\/no\/#website","url":"https:\/\/international.jolstad.no\/no\/","name":"J\u00f8lstad Repatriation Norge","description":"Safety and quality","publisher":{"@id":"https:\/\/international.jolstad.no\/no\/#organization"},"potentialAction":[{"@type":"SearchAction","target":{"@type":"EntryPoint","urlTemplate":"https:\/\/international.jolstad.no\/no\/?s={search_term_string}"},"query-input":{"@type":"PropertyValueSpecification","valueRequired":true,"valueName":"search_term_string"}}],"inLanguage":"nb-NO"},{"@type":"Organization","@id":"https:\/\/international.jolstad.no\/no\/#organization","name":"J\u00f8lstad Repatriation Norge","url":"https:\/\/international.jolstad.no\/no\/","logo":{"@type":"ImageObject","inLanguage":"nb-NO","@id":"https:\/\/international.jolstad.no\/no\/#\/schema\/logo\/image\/","url":"https:\/\/international.jolstad.no\/no\/wp-content\/uploads\/sites\/7\/2023\/11\/jolstad-international-sort.svg","contentUrl":"https:\/\/international.jolstad.no\/no\/wp-content\/uploads\/sites\/7\/2023\/11\/jolstad-international-sort.svg","caption":"J\u00f8lstad Repatriation Norge"},"image":{"@id":"https:\/\/international.jolstad.no\/no\/#\/schema\/logo\/image\/"}}]}},"_links":{"self":[{"href":"https:\/\/international.jolstad.no\/no\/wp-json\/wp\/v2\/pages\/72","targetHints":{"allow":["GET"]}}],"collection":[{"href":"https:\/\/international.jolstad.no\/no\/wp-json\/wp\/v2\/pages"}],"about":[{"href":"https:\/\/international.jolstad.no\/no\/wp-json\/wp\/v2\/types\/page"}],"author":[{"embeddable":true,"href":"https:\/\/international.jolstad.no\/no\/wp-json\/wp\/v2\/users\/1"}],"replies":[{"embeddable":true,"href":"https:\/\/international.jolstad.no\/no\/wp-json\/wp\/v2\/comments?post=72"}],"version-history":[{"count":18,"href":"https:\/\/international.jolstad.no\/no\/wp-json\/wp\/v2\/pages\/72\/revisions"}],"predecessor-version":[{"id":301,"href":"https:\/\/international.jolstad.no\/no\/wp-json\/wp\/v2\/pages\/72\/revisions\/301"}],"wp:featuredmedia":[{"embeddable":true,"href":"https:\/\/international.jolstad.no\/no\/wp-json\/wp\/v2\/media\/29"}],"wp:attachment":[{"href":"https:\/\/international.jolstad.no\/no\/wp-json\/wp\/v2\/media?parent=72"}],"curies":[{"name":"wp","href":"https:\/\/api.w.org\/{rel}","templated":true}]}}