{"id":57,"date":"2023-10-23T20:04:46","date_gmt":"2023-10-23T18:04:46","guid":{"rendered":"https:\/\/international.jolstad.no\/no\/?page_id=57"},"modified":"2023-12-01T12:42:08","modified_gmt":"2023-12-01T11:42:08","slug":"ofte-stilte-sporsmal","status":"publish","type":"page","link":"https:\/\/international.jolstad.no\/no\/ofte-stilte-sporsmal\/","title":{"rendered":"Ofte stilte sp\u00f8rsm\u00e5l"},"content":{"rendered":"","protected":false},"excerpt":{"rendered":"","protected":false},"author":1,"featured_media":145,"parent":0,"menu_order":0,"comment_status":"closed","ping_status":"closed","template":"page-templates\/top-image.php","meta":{"_acf_changed":false,"footnotes":""},"class_list":["post-57","page","type-page","status-publish","has-post-thumbnail","hentry"],"acf":[],"yoast_head":"<!-- This site is optimized with the Yoast SEO Premium plugin v21.0 (Yoast SEO v27.4) - https:\/\/yoast.com\/product\/yoast-seo-premium-wordpress\/ -->\n<title>Ofte stilte sp\u00f8rsm\u00e5l | J\u00f8lstad International<\/title>\n<meta name=\"description\" content=\"Ved d\u00f8dsfall i utlandet er det ofte en del sp\u00f8rsm\u00e5l vi gjerne vil ha svar p\u00e5. Se v\u00e5re oftest stilte sp\u00f8rsm\u00e5l her.\" \/>\n<meta name=\"robots\" content=\"index, follow, max-snippet:-1, max-image-preview:large, max-video-preview:-1\" \/>\n<link rel=\"canonical\" href=\"https:\/\/international.jolstad.no\/no\/ofte-stilte-sporsmal\/\" \/>\n<meta property=\"og:locale\" content=\"nb_NO\" \/>\n<meta property=\"og:type\" content=\"article\" \/>\n<meta property=\"og:title\" content=\"Ofte stilte sp\u00f8rsm\u00e5l\" \/>\n<meta property=\"og:description\" content=\"Ved d\u00f8dsfall i utlandet er det ofte en del sp\u00f8rsm\u00e5l vi gjerne vil ha svar p\u00e5. Se v\u00e5re oftest stilte sp\u00f8rsm\u00e5l her.\" \/>\n<meta property=\"og:url\" content=\"https:\/\/international.jolstad.no\/no\/ofte-stilte-sporsmal\/\" \/>\n<meta property=\"og:site_name\" content=\"J\u00f8lstad Repatriation Norge\" \/>\n<meta property=\"article:modified_time\" content=\"2023-12-01T11:42:08+00:00\" \/>\n<meta property=\"og:image\" content=\"https:\/\/international.jolstad.no\/no\/wp-content\/uploads\/sites\/7\/2023\/10\/jolstad-apen-dor-apent-vindu.jpg\" \/>\n\t<meta property=\"og:image:width\" content=\"1920\" \/>\n\t<meta property=\"og:image:height\" content=\"1279\" \/>\n\t<meta property=\"og:image:type\" content=\"image\/jpeg\" \/>\n<meta name=\"twitter:card\" content=\"summary_large_image\" \/>\n<script type=\"application\/ld+json\" class=\"yoast-schema-graph\">{\"@context\":\"https:\\\/\\\/schema.org\",\"@graph\":[{\"@type\":\"WebPage\",\"@id\":\"https:\\\/\\\/international.jolstad.no\\\/no\\\/ofte-stilte-sporsmal\\\/\",\"url\":\"https:\\\/\\\/international.jolstad.no\\\/no\\\/ofte-stilte-sporsmal\\\/\",\"name\":\"Ofte stilte sp\u00f8rsm\u00e5l | J\u00f8lstad International\",\"isPartOf\":{\"@id\":\"https:\\\/\\\/international.jolstad.no\\\/no\\\/#website\"},\"primaryImageOfPage\":{\"@id\":\"https:\\\/\\\/international.jolstad.no\\\/no\\\/ofte-stilte-sporsmal\\\/#primaryimage\"},\"image\":{\"@id\":\"https:\\\/\\\/international.jolstad.no\\\/no\\\/ofte-stilte-sporsmal\\\/#primaryimage\"},\"thumbnailUrl\":\"https:\\\/\\\/international.jolstad.no\\\/no\\\/wp-content\\\/uploads\\\/sites\\\/7\\\/2023\\\/10\\\/jolstad-apen-dor-apent-vindu.jpg\",\"datePublished\":\"2023-10-23T18:04:46+00:00\",\"dateModified\":\"2023-12-01T11:42:08+00:00\",\"description\":\"Ved d\u00f8dsfall i utlandet er det ofte en del sp\u00f8rsm\u00e5l vi gjerne vil ha svar p\u00e5. Se v\u00e5re oftest stilte sp\u00f8rsm\u00e5l her.\",\"breadcrumb\":{\"@id\":\"https:\\\/\\\/international.jolstad.no\\\/no\\\/ofte-stilte-sporsmal\\\/#breadcrumb\"},\"inLanguage\":\"nb-NO\",\"potentialAction\":[{\"@type\":\"ReadAction\",\"target\":[\"https:\\\/\\\/international.jolstad.no\\\/no\\\/ofte-stilte-sporsmal\\\/\"]}]},{\"@type\":\"ImageObject\",\"inLanguage\":\"nb-NO\",\"@id\":\"https:\\\/\\\/international.jolstad.no\\\/no\\\/ofte-stilte-sporsmal\\\/#primaryimage\",\"url\":\"https:\\\/\\\/international.jolstad.no\\\/no\\\/wp-content\\\/uploads\\\/sites\\\/7\\\/2023\\\/10\\\/jolstad-apen-dor-apent-vindu.jpg\",\"contentUrl\":\"https:\\\/\\\/international.jolstad.no\\\/no\\\/wp-content\\\/uploads\\\/sites\\\/7\\\/2023\\\/10\\\/jolstad-apen-dor-apent-vindu.jpg\",\"width\":1920,\"height\":1279,\"caption\":\"\u00c5pent vindu med hvite sprosser\"},{\"@type\":\"BreadcrumbList\",\"@id\":\"https:\\\/\\\/international.jolstad.no\\\/no\\\/ofte-stilte-sporsmal\\\/#breadcrumb\",\"itemListElement\":[{\"@type\":\"ListItem\",\"position\":1,\"name\":\"Hjem\",\"item\":\"https:\\\/\\\/international.jolstad.no\\\/no\\\/\"},{\"@type\":\"ListItem\",\"position\":2,\"name\":\"Ofte stilte sp\u00f8rsm\u00e5l\"}]},{\"@type\":\"WebSite\",\"@id\":\"https:\\\/\\\/international.jolstad.no\\\/no\\\/#website\",\"url\":\"https:\\\/\\\/international.jolstad.no\\\/no\\\/\",\"name\":\"J\u00f8lstad Repatriation Norge\",\"description\":\"Safety and quality\",\"publisher\":{\"@id\":\"https:\\\/\\\/international.jolstad.no\\\/no\\\/#organization\"},\"potentialAction\":[{\"@type\":\"SearchAction\",\"target\":{\"@type\":\"EntryPoint\",\"urlTemplate\":\"https:\\\/\\\/international.jolstad.no\\\/no\\\/?s={search_term_string}\"},\"query-input\":{\"@type\":\"PropertyValueSpecification\",\"valueRequired\":true,\"valueName\":\"search_term_string\"}}],\"inLanguage\":\"nb-NO\"},{\"@type\":\"Organization\",\"@id\":\"https:\\\/\\\/international.jolstad.no\\\/no\\\/#organization\",\"name\":\"J\u00f8lstad Repatriation Norge\",\"url\":\"https:\\\/\\\/international.jolstad.no\\\/no\\\/\",\"logo\":{\"@type\":\"ImageObject\",\"inLanguage\":\"nb-NO\",\"@id\":\"https:\\\/\\\/international.jolstad.no\\\/no\\\/#\\\/schema\\\/logo\\\/image\\\/\",\"url\":\"https:\\\/\\\/international.jolstad.no\\\/no\\\/wp-content\\\/uploads\\\/sites\\\/7\\\/2023\\\/11\\\/jolstad-international-sort.svg\",\"contentUrl\":\"https:\\\/\\\/international.jolstad.no\\\/no\\\/wp-content\\\/uploads\\\/sites\\\/7\\\/2023\\\/11\\\/jolstad-international-sort.svg\",\"caption\":\"J\u00f8lstad Repatriation Norge\"},\"image\":{\"@id\":\"https:\\\/\\\/international.jolstad.no\\\/no\\\/#\\\/schema\\\/logo\\\/image\\\/\"}}]}<\/script>\n<!-- \/ Yoast SEO Premium plugin. -->","yoast_head_json":{"title":"Ofte stilte sp\u00f8rsm\u00e5l | J\u00f8lstad International","description":"Ved d\u00f8dsfall i utlandet er det ofte en del sp\u00f8rsm\u00e5l vi gjerne vil ha svar p\u00e5. Se v\u00e5re oftest stilte sp\u00f8rsm\u00e5l her.","robots":{"index":"index","follow":"follow","max-snippet":"max-snippet:-1","max-image-preview":"max-image-preview:large","max-video-preview":"max-video-preview:-1"},"canonical":"https:\/\/international.jolstad.no\/no\/ofte-stilte-sporsmal\/","og_locale":"nb_NO","og_type":"article","og_title":"Ofte stilte sp\u00f8rsm\u00e5l","og_description":"Ved d\u00f8dsfall i utlandet er det ofte en del sp\u00f8rsm\u00e5l vi gjerne vil ha svar p\u00e5. Se v\u00e5re oftest stilte sp\u00f8rsm\u00e5l her.","og_url":"https:\/\/international.jolstad.no\/no\/ofte-stilte-sporsmal\/","og_site_name":"J\u00f8lstad Repatriation Norge","article_modified_time":"2023-12-01T11:42:08+00:00","og_image":[{"width":1920,"height":1279,"url":"https:\/\/international.jolstad.no\/no\/wp-content\/uploads\/sites\/7\/2023\/10\/jolstad-apen-dor-apent-vindu.jpg","type":"image\/jpeg"}],"twitter_card":"summary_large_image","schema":{"@context":"https:\/\/schema.org","@graph":[{"@type":"WebPage","@id":"https:\/\/international.jolstad.no\/no\/ofte-stilte-sporsmal\/","url":"https:\/\/international.jolstad.no\/no\/ofte-stilte-sporsmal\/","name":"Ofte stilte sp\u00f8rsm\u00e5l | J\u00f8lstad International","isPartOf":{"@id":"https:\/\/international.jolstad.no\/no\/#website"},"primaryImageOfPage":{"@id":"https:\/\/international.jolstad.no\/no\/ofte-stilte-sporsmal\/#primaryimage"},"image":{"@id":"https:\/\/international.jolstad.no\/no\/ofte-stilte-sporsmal\/#primaryimage"},"thumbnailUrl":"https:\/\/international.jolstad.no\/no\/wp-content\/uploads\/sites\/7\/2023\/10\/jolstad-apen-dor-apent-vindu.jpg","datePublished":"2023-10-23T18:04:46+00:00","dateModified":"2023-12-01T11:42:08+00:00","description":"Ved d\u00f8dsfall i utlandet er det ofte en del sp\u00f8rsm\u00e5l vi gjerne vil ha svar p\u00e5. Se v\u00e5re oftest stilte sp\u00f8rsm\u00e5l her.","breadcrumb":{"@id":"https:\/\/international.jolstad.no\/no\/ofte-stilte-sporsmal\/#breadcrumb"},"inLanguage":"nb-NO","potentialAction":[{"@type":"ReadAction","target":["https:\/\/international.jolstad.no\/no\/ofte-stilte-sporsmal\/"]}]},{"@type":"ImageObject","inLanguage":"nb-NO","@id":"https:\/\/international.jolstad.no\/no\/ofte-stilte-sporsmal\/#primaryimage","url":"https:\/\/international.jolstad.no\/no\/wp-content\/uploads\/sites\/7\/2023\/10\/jolstad-apen-dor-apent-vindu.jpg","contentUrl":"https:\/\/international.jolstad.no\/no\/wp-content\/uploads\/sites\/7\/2023\/10\/jolstad-apen-dor-apent-vindu.jpg","width":1920,"height":1279,"caption":"\u00c5pent vindu med hvite sprosser"},{"@type":"BreadcrumbList","@id":"https:\/\/international.jolstad.no\/no\/ofte-stilte-sporsmal\/#breadcrumb","itemListElement":[{"@type":"ListItem","position":1,"name":"Hjem","item":"https:\/\/international.jolstad.no\/no\/"},{"@type":"ListItem","position":2,"name":"Ofte stilte sp\u00f8rsm\u00e5l"}]},{"@type":"WebSite","@id":"https:\/\/international.jolstad.no\/no\/#website","url":"https:\/\/international.jolstad.no\/no\/","name":"J\u00f8lstad Repatriation Norge","description":"Safety and quality","publisher":{"@id":"https:\/\/international.jolstad.no\/no\/#organization"},"potentialAction":[{"@type":"SearchAction","target":{"@type":"EntryPoint","urlTemplate":"https:\/\/international.jolstad.no\/no\/?s={search_term_string}"},"query-input":{"@type":"PropertyValueSpecification","valueRequired":true,"valueName":"search_term_string"}}],"inLanguage":"nb-NO"},{"@type":"Organization","@id":"https:\/\/international.jolstad.no\/no\/#organization","name":"J\u00f8lstad Repatriation Norge","url":"https:\/\/international.jolstad.no\/no\/","logo":{"@type":"ImageObject","inLanguage":"nb-NO","@id":"https:\/\/international.jolstad.no\/no\/#\/schema\/logo\/image\/","url":"https:\/\/international.jolstad.no\/no\/wp-content\/uploads\/sites\/7\/2023\/11\/jolstad-international-sort.svg","contentUrl":"https:\/\/international.jolstad.no\/no\/wp-content\/uploads\/sites\/7\/2023\/11\/jolstad-international-sort.svg","caption":"J\u00f8lstad Repatriation Norge"},"image":{"@id":"https:\/\/international.jolstad.no\/no\/#\/schema\/logo\/image\/"}}]}},"_links":{"self":[{"href":"https:\/\/international.jolstad.no\/no\/wp-json\/wp\/v2\/pages\/57","targetHints":{"allow":["GET"]}}],"collection":[{"href":"https:\/\/international.jolstad.no\/no\/wp-json\/wp\/v2\/pages"}],"about":[{"href":"https:\/\/international.jolstad.no\/no\/wp-json\/wp\/v2\/types\/page"}],"author":[{"embeddable":true,"href":"https:\/\/international.jolstad.no\/no\/wp-json\/wp\/v2\/users\/1"}],"replies":[{"embeddable":true,"href":"https:\/\/international.jolstad.no\/no\/wp-json\/wp\/v2\/comments?post=57"}],"version-history":[{"count":15,"href":"https:\/\/international.jolstad.no\/no\/wp-json\/wp\/v2\/pages\/57\/revisions"}],"predecessor-version":[{"id":230,"href":"https:\/\/international.jolstad.no\/no\/wp-json\/wp\/v2\/pages\/57\/revisions\/230"}],"wp:featuredmedia":[{"embeddable":true,"href":"https:\/\/international.jolstad.no\/no\/wp-json\/wp\/v2\/media\/145"}],"wp:attachment":[{"href":"https:\/\/international.jolstad.no\/no\/wp-json\/wp\/v2\/media?parent=57"}],"curies":[{"name":"wp","href":"https:\/\/api.w.org\/{rel}","templated":true}]}}