{"id":43,"date":"2023-10-23T19:47:44","date_gmt":"2023-10-23T17:47:44","guid":{"rendered":"https:\/\/international.jolstad.no\/no\/?page_id=43"},"modified":"2023-12-01T12:40:30","modified_gmt":"2023-12-01T11:40:30","slug":"forsendelser-av-dode-fra-norge","status":"publish","type":"page","link":"https:\/\/international.jolstad.no\/no\/forsendelser-av-dode-fra-norge\/","title":{"rendered":"Forsendelser av d\u00f8de fra Norge"},"content":{"rendered":"<p>Norge har blitt et mangfoldig samfunn hvor det bor mennesker med r\u00f8tter fra hele verden. I tillegg er turismen i Norge stadig \u00f8kende. Disse to tingene kombinert gj\u00f8r at J\u00f8lstad International daglig bist\u00e5r b\u00e5de familier og bedriftskunder med forsendelser av d\u00f8de ut av Norge. Vi er godt kjent med alle formalitetene som er n\u00f8dvendige for \u00e5 kunne gj\u00f8re dette, og du kan stole p\u00e5 at vi s\u00f8rger for en verdig og profesjonell hjemtransport for din kj\u00e6re.<\/p>\n","protected":false},"excerpt":{"rendered":"<p>Norge har blitt et mangfoldig samfunn hvor det bor mennesker med r\u00f8tter fra hele verden. I tillegg er turismen i [&hellip;]<\/p>\n","protected":false},"author":1,"featured_media":199,"parent":0,"menu_order":0,"comment_status":"closed","ping_status":"closed","template":"","meta":{"_acf_changed":false,"footnotes":""},"class_list":["post-43","page","type-page","status-publish","has-post-thumbnail","hentry"],"acf":[],"yoast_head":"<!-- This site is optimized with the Yoast SEO Premium plugin v21.0 (Yoast SEO v27.4) - https:\/\/yoast.com\/product\/yoast-seo-premium-wordpress\/ -->\n<title>Forsendelser av d\u00f8de fra Norge | J\u00f8lstad International<\/title>\n<meta name=\"description\" content=\"Vi bist\u00e5r b\u00e5de familier og bedriftskunder daglig med hjemreise fra Norge og er kjent med formalitetene. Les mer om repatriering fra Norge her.\" \/>\n<meta name=\"robots\" content=\"index, follow, max-snippet:-1, max-image-preview:large, max-video-preview:-1\" \/>\n<link rel=\"canonical\" href=\"https:\/\/international.jolstad.no\/no\/forsendelser-av-dode-fra-norge\/\" \/>\n<meta property=\"og:locale\" content=\"nb_NO\" \/>\n<meta property=\"og:type\" content=\"article\" \/>\n<meta property=\"og:title\" content=\"Forsendelser av d\u00f8de fra Norge\" \/>\n<meta property=\"og:description\" content=\"Vi bist\u00e5r b\u00e5de familier og bedriftskunder daglig med hjemreise fra Norge og er kjent med formalitetene. Les mer om repatriering fra Norge her.\" \/>\n<meta property=\"og:url\" content=\"https:\/\/international.jolstad.no\/no\/forsendelser-av-dode-fra-norge\/\" \/>\n<meta property=\"og:site_name\" content=\"J\u00f8lstad Repatriation Norge\" \/>\n<meta property=\"article:modified_time\" content=\"2023-12-01T11:40:30+00:00\" \/>\n<meta property=\"og:image\" content=\"https:\/\/international.jolstad.no\/no\/wp-content\/uploads\/sites\/7\/2023\/11\/Jolstad_1.jpg\" \/>\n\t<meta property=\"og:image:width\" content=\"640\" \/>\n\t<meta property=\"og:image:height\" content=\"480\" \/>\n\t<meta property=\"og:image:type\" content=\"image\/jpeg\" \/>\n<meta name=\"twitter:card\" content=\"summary_large_image\" \/>\n<meta name=\"twitter:label1\" content=\"Ansl. lesetid\" \/>\n\t<meta name=\"twitter:data1\" content=\"1 minutt\" \/>\n<script type=\"application\/ld+json\" class=\"yoast-schema-graph\">{\"@context\":\"https:\\\/\\\/schema.org\",\"@graph\":[{\"@type\":\"WebPage\",\"@id\":\"https:\\\/\\\/international.jolstad.no\\\/no\\\/forsendelser-av-dode-fra-norge\\\/\",\"url\":\"https:\\\/\\\/international.jolstad.no\\\/no\\\/forsendelser-av-dode-fra-norge\\\/\",\"name\":\"Forsendelser av d\u00f8de fra Norge | J\u00f8lstad International\",\"isPartOf\":{\"@id\":\"https:\\\/\\\/international.jolstad.no\\\/no\\\/#website\"},\"primaryImageOfPage\":{\"@id\":\"https:\\\/\\\/international.jolstad.no\\\/no\\\/forsendelser-av-dode-fra-norge\\\/#primaryimage\"},\"image\":{\"@id\":\"https:\\\/\\\/international.jolstad.no\\\/no\\\/forsendelser-av-dode-fra-norge\\\/#primaryimage\"},\"thumbnailUrl\":\"https:\\\/\\\/international.jolstad.no\\\/no\\\/wp-content\\\/uploads\\\/sites\\\/7\\\/2023\\\/11\\\/Jolstad_1.jpg\",\"datePublished\":\"2023-10-23T17:47:44+00:00\",\"dateModified\":\"2023-12-01T11:40:30+00:00\",\"description\":\"Vi bist\u00e5r b\u00e5de familier og bedriftskunder daglig med hjemreise fra Norge og er kjent med formalitetene. Les mer om repatriering fra Norge her.\",\"breadcrumb\":{\"@id\":\"https:\\\/\\\/international.jolstad.no\\\/no\\\/forsendelser-av-dode-fra-norge\\\/#breadcrumb\"},\"inLanguage\":\"nb-NO\",\"potentialAction\":[{\"@type\":\"ReadAction\",\"target\":[\"https:\\\/\\\/international.jolstad.no\\\/no\\\/forsendelser-av-dode-fra-norge\\\/\"]}]},{\"@type\":\"ImageObject\",\"inLanguage\":\"nb-NO\",\"@id\":\"https:\\\/\\\/international.jolstad.no\\\/no\\\/forsendelser-av-dode-fra-norge\\\/#primaryimage\",\"url\":\"https:\\\/\\\/international.jolstad.no\\\/no\\\/wp-content\\\/uploads\\\/sites\\\/7\\\/2023\\\/11\\\/Jolstad_1.jpg\",\"contentUrl\":\"https:\\\/\\\/international.jolstad.no\\\/no\\\/wp-content\\\/uploads\\\/sites\\\/7\\\/2023\\\/11\\\/Jolstad_1.jpg\",\"width\":640,\"height\":480,\"caption\":\"Kiste klar for forsendelse plassert i bil\"},{\"@type\":\"BreadcrumbList\",\"@id\":\"https:\\\/\\\/international.jolstad.no\\\/no\\\/forsendelser-av-dode-fra-norge\\\/#breadcrumb\",\"itemListElement\":[{\"@type\":\"ListItem\",\"position\":1,\"name\":\"Hjem\",\"item\":\"https:\\\/\\\/international.jolstad.no\\\/no\\\/\"},{\"@type\":\"ListItem\",\"position\":2,\"name\":\"Forsendelser av d\u00f8de fra Norge\"}]},{\"@type\":\"WebSite\",\"@id\":\"https:\\\/\\\/international.jolstad.no\\\/no\\\/#website\",\"url\":\"https:\\\/\\\/international.jolstad.no\\\/no\\\/\",\"name\":\"J\u00f8lstad Repatriation Norge\",\"description\":\"Safety and quality\",\"publisher\":{\"@id\":\"https:\\\/\\\/international.jolstad.no\\\/no\\\/#organization\"},\"potentialAction\":[{\"@type\":\"SearchAction\",\"target\":{\"@type\":\"EntryPoint\",\"urlTemplate\":\"https:\\\/\\\/international.jolstad.no\\\/no\\\/?s={search_term_string}\"},\"query-input\":{\"@type\":\"PropertyValueSpecification\",\"valueRequired\":true,\"valueName\":\"search_term_string\"}}],\"inLanguage\":\"nb-NO\"},{\"@type\":\"Organization\",\"@id\":\"https:\\\/\\\/international.jolstad.no\\\/no\\\/#organization\",\"name\":\"J\u00f8lstad Repatriation Norge\",\"url\":\"https:\\\/\\\/international.jolstad.no\\\/no\\\/\",\"logo\":{\"@type\":\"ImageObject\",\"inLanguage\":\"nb-NO\",\"@id\":\"https:\\\/\\\/international.jolstad.no\\\/no\\\/#\\\/schema\\\/logo\\\/image\\\/\",\"url\":\"https:\\\/\\\/international.jolstad.no\\\/no\\\/wp-content\\\/uploads\\\/sites\\\/7\\\/2023\\\/11\\\/jolstad-international-sort.svg\",\"contentUrl\":\"https:\\\/\\\/international.jolstad.no\\\/no\\\/wp-content\\\/uploads\\\/sites\\\/7\\\/2023\\\/11\\\/jolstad-international-sort.svg\",\"caption\":\"J\u00f8lstad Repatriation Norge\"},\"image\":{\"@id\":\"https:\\\/\\\/international.jolstad.no\\\/no\\\/#\\\/schema\\\/logo\\\/image\\\/\"}}]}<\/script>\n<!-- \/ Yoast SEO Premium plugin. -->","yoast_head_json":{"title":"Forsendelser av d\u00f8de fra Norge | J\u00f8lstad International","description":"Vi bist\u00e5r b\u00e5de familier og bedriftskunder daglig med hjemreise fra Norge og er kjent med formalitetene. Les mer om repatriering fra Norge her.","robots":{"index":"index","follow":"follow","max-snippet":"max-snippet:-1","max-image-preview":"max-image-preview:large","max-video-preview":"max-video-preview:-1"},"canonical":"https:\/\/international.jolstad.no\/no\/forsendelser-av-dode-fra-norge\/","og_locale":"nb_NO","og_type":"article","og_title":"Forsendelser av d\u00f8de fra Norge","og_description":"Vi bist\u00e5r b\u00e5de familier og bedriftskunder daglig med hjemreise fra Norge og er kjent med formalitetene. Les mer om repatriering fra Norge her.","og_url":"https:\/\/international.jolstad.no\/no\/forsendelser-av-dode-fra-norge\/","og_site_name":"J\u00f8lstad Repatriation Norge","article_modified_time":"2023-12-01T11:40:30+00:00","og_image":[{"width":640,"height":480,"url":"https:\/\/international.jolstad.no\/no\/wp-content\/uploads\/sites\/7\/2023\/11\/Jolstad_1.jpg","type":"image\/jpeg"}],"twitter_card":"summary_large_image","twitter_misc":{"Ansl. lesetid":"1 minutt"},"schema":{"@context":"https:\/\/schema.org","@graph":[{"@type":"WebPage","@id":"https:\/\/international.jolstad.no\/no\/forsendelser-av-dode-fra-norge\/","url":"https:\/\/international.jolstad.no\/no\/forsendelser-av-dode-fra-norge\/","name":"Forsendelser av d\u00f8de fra Norge | J\u00f8lstad International","isPartOf":{"@id":"https:\/\/international.jolstad.no\/no\/#website"},"primaryImageOfPage":{"@id":"https:\/\/international.jolstad.no\/no\/forsendelser-av-dode-fra-norge\/#primaryimage"},"image":{"@id":"https:\/\/international.jolstad.no\/no\/forsendelser-av-dode-fra-norge\/#primaryimage"},"thumbnailUrl":"https:\/\/international.jolstad.no\/no\/wp-content\/uploads\/sites\/7\/2023\/11\/Jolstad_1.jpg","datePublished":"2023-10-23T17:47:44+00:00","dateModified":"2023-12-01T11:40:30+00:00","description":"Vi bist\u00e5r b\u00e5de familier og bedriftskunder daglig med hjemreise fra Norge og er kjent med formalitetene. Les mer om repatriering fra Norge her.","breadcrumb":{"@id":"https:\/\/international.jolstad.no\/no\/forsendelser-av-dode-fra-norge\/#breadcrumb"},"inLanguage":"nb-NO","potentialAction":[{"@type":"ReadAction","target":["https:\/\/international.jolstad.no\/no\/forsendelser-av-dode-fra-norge\/"]}]},{"@type":"ImageObject","inLanguage":"nb-NO","@id":"https:\/\/international.jolstad.no\/no\/forsendelser-av-dode-fra-norge\/#primaryimage","url":"https:\/\/international.jolstad.no\/no\/wp-content\/uploads\/sites\/7\/2023\/11\/Jolstad_1.jpg","contentUrl":"https:\/\/international.jolstad.no\/no\/wp-content\/uploads\/sites\/7\/2023\/11\/Jolstad_1.jpg","width":640,"height":480,"caption":"Kiste klar for forsendelse plassert i bil"},{"@type":"BreadcrumbList","@id":"https:\/\/international.jolstad.no\/no\/forsendelser-av-dode-fra-norge\/#breadcrumb","itemListElement":[{"@type":"ListItem","position":1,"name":"Hjem","item":"https:\/\/international.jolstad.no\/no\/"},{"@type":"ListItem","position":2,"name":"Forsendelser av d\u00f8de fra Norge"}]},{"@type":"WebSite","@id":"https:\/\/international.jolstad.no\/no\/#website","url":"https:\/\/international.jolstad.no\/no\/","name":"J\u00f8lstad Repatriation Norge","description":"Safety and quality","publisher":{"@id":"https:\/\/international.jolstad.no\/no\/#organization"},"potentialAction":[{"@type":"SearchAction","target":{"@type":"EntryPoint","urlTemplate":"https:\/\/international.jolstad.no\/no\/?s={search_term_string}"},"query-input":{"@type":"PropertyValueSpecification","valueRequired":true,"valueName":"search_term_string"}}],"inLanguage":"nb-NO"},{"@type":"Organization","@id":"https:\/\/international.jolstad.no\/no\/#organization","name":"J\u00f8lstad Repatriation Norge","url":"https:\/\/international.jolstad.no\/no\/","logo":{"@type":"ImageObject","inLanguage":"nb-NO","@id":"https:\/\/international.jolstad.no\/no\/#\/schema\/logo\/image\/","url":"https:\/\/international.jolstad.no\/no\/wp-content\/uploads\/sites\/7\/2023\/11\/jolstad-international-sort.svg","contentUrl":"https:\/\/international.jolstad.no\/no\/wp-content\/uploads\/sites\/7\/2023\/11\/jolstad-international-sort.svg","caption":"J\u00f8lstad Repatriation Norge"},"image":{"@id":"https:\/\/international.jolstad.no\/no\/#\/schema\/logo\/image\/"}}]}},"_links":{"self":[{"href":"https:\/\/international.jolstad.no\/no\/wp-json\/wp\/v2\/pages\/43","targetHints":{"allow":["GET"]}}],"collection":[{"href":"https:\/\/international.jolstad.no\/no\/wp-json\/wp\/v2\/pages"}],"about":[{"href":"https:\/\/international.jolstad.no\/no\/wp-json\/wp\/v2\/types\/page"}],"author":[{"embeddable":true,"href":"https:\/\/international.jolstad.no\/no\/wp-json\/wp\/v2\/users\/1"}],"replies":[{"embeddable":true,"href":"https:\/\/international.jolstad.no\/no\/wp-json\/wp\/v2\/comments?post=43"}],"version-history":[{"count":12,"href":"https:\/\/international.jolstad.no\/no\/wp-json\/wp\/v2\/pages\/43\/revisions"}],"predecessor-version":[{"id":297,"href":"https:\/\/international.jolstad.no\/no\/wp-json\/wp\/v2\/pages\/43\/revisions\/297"}],"wp:featuredmedia":[{"embeddable":true,"href":"https:\/\/international.jolstad.no\/no\/wp-json\/wp\/v2\/media\/199"}],"wp:attachment":[{"href":"https:\/\/international.jolstad.no\/no\/wp-json\/wp\/v2\/media?parent=43"}],"curies":[{"name":"wp","href":"https:\/\/api.w.org\/{rel}","templated":true}]}}