{"id":35,"date":"2023-10-23T19:38:45","date_gmt":"2023-10-23T17:38:45","guid":{"rendered":"https:\/\/international.jolstad.no\/no\/?page_id=35"},"modified":"2023-12-01T12:40:54","modified_gmt":"2023-12-01T11:40:54","slug":"forsendelser-av-dode-til-norge","status":"publish","type":"page","link":"https:\/\/international.jolstad.no\/no\/forsendelser-av-dode-til-norge\/","title":{"rendered":"Forsendelser av d\u00f8de til Norge"},"content":{"rendered":"<p>\u00c5 miste en du er glad i mens du oppholder deg i utlandet kan gj\u00f8re en trist og vanskelig situasjon enda mer krevende. Det er ikke lett \u00e5 vite hvem man b\u00f8r kontakte f\u00f8rst eller hvordan man skal organisere transporten av den d\u00f8de hjem.<\/p>\n","protected":false},"excerpt":{"rendered":"<p>\u00c5 miste en du er glad i mens du oppholder deg i utlandet kan gj\u00f8re en trist og vanskelig situasjon [&hellip;]<\/p>\n","protected":false},"author":1,"featured_media":228,"parent":0,"menu_order":0,"comment_status":"closed","ping_status":"closed","template":"","meta":{"_acf_changed":false,"footnotes":""},"class_list":["post-35","page","type-page","status-publish","has-post-thumbnail","hentry"],"acf":[],"yoast_head":"<!-- This site is optimized with the Yoast SEO Premium plugin v21.0 (Yoast SEO v27.4) - https:\/\/yoast.com\/product\/yoast-seo-premium-wordpress\/ -->\n<title>Forsendelse av d\u00f8de til Norge | J\u00f8lstad International<\/title>\n<meta name=\"description\" content=\"V\u00e5r erfaring og engasjement gir deg tryggheten du trenger i en tid som krever ekstra omsorg. F\u00e5 informasjon om hva vi kan hjelpe deg med her.\" \/>\n<meta name=\"robots\" content=\"index, follow, max-snippet:-1, max-image-preview:large, max-video-preview:-1\" \/>\n<link rel=\"canonical\" href=\"https:\/\/international.jolstad.no\/no\/forsendelser-av-dode-til-norge\/\" \/>\n<meta property=\"og:locale\" content=\"nb_NO\" \/>\n<meta property=\"og:type\" content=\"article\" \/>\n<meta property=\"og:title\" content=\"Forsendelser av d\u00f8de til Norge\" \/>\n<meta property=\"og:description\" content=\"V\u00e5r erfaring og engasjement gir deg tryggheten du trenger i en tid som krever ekstra omsorg. F\u00e5 informasjon om hva vi kan hjelpe deg med her.\" \/>\n<meta property=\"og:url\" content=\"https:\/\/international.jolstad.no\/no\/forsendelser-av-dode-til-norge\/\" \/>\n<meta property=\"og:site_name\" content=\"J\u00f8lstad Repatriation Norge\" \/>\n<meta property=\"article:modified_time\" content=\"2023-12-01T11:40:54+00:00\" \/>\n<meta property=\"og:image\" content=\"https:\/\/international.jolstad.no\/no\/wp-content\/uploads\/sites\/7\/2023\/11\/forsendelse-fly.jpg\" \/>\n\t<meta property=\"og:image:width\" content=\"1200\" \/>\n\t<meta property=\"og:image:height\" content=\"1200\" \/>\n\t<meta property=\"og:image:type\" content=\"image\/jpeg\" \/>\n<meta name=\"twitter:card\" content=\"summary_large_image\" \/>\n<meta name=\"twitter:label1\" content=\"Ansl. lesetid\" \/>\n\t<meta name=\"twitter:data1\" content=\"1 minutt\" \/>\n<script type=\"application\/ld+json\" class=\"yoast-schema-graph\">{\"@context\":\"https:\\\/\\\/schema.org\",\"@graph\":[{\"@type\":\"WebPage\",\"@id\":\"https:\\\/\\\/international.jolstad.no\\\/no\\\/forsendelser-av-dode-til-norge\\\/\",\"url\":\"https:\\\/\\\/international.jolstad.no\\\/no\\\/forsendelser-av-dode-til-norge\\\/\",\"name\":\"Forsendelse av d\u00f8de til Norge | J\u00f8lstad International\",\"isPartOf\":{\"@id\":\"https:\\\/\\\/international.jolstad.no\\\/no\\\/#website\"},\"primaryImageOfPage\":{\"@id\":\"https:\\\/\\\/international.jolstad.no\\\/no\\\/forsendelser-av-dode-til-norge\\\/#primaryimage\"},\"image\":{\"@id\":\"https:\\\/\\\/international.jolstad.no\\\/no\\\/forsendelser-av-dode-til-norge\\\/#primaryimage\"},\"thumbnailUrl\":\"https:\\\/\\\/international.jolstad.no\\\/no\\\/wp-content\\\/uploads\\\/sites\\\/7\\\/2023\\\/11\\\/forsendelse-fly.jpg\",\"datePublished\":\"2023-10-23T17:38:45+00:00\",\"dateModified\":\"2023-12-01T11:40:54+00:00\",\"description\":\"V\u00e5r erfaring og engasjement gir deg tryggheten du trenger i en tid som krever ekstra omsorg. F\u00e5 informasjon om hva vi kan hjelpe deg med her.\",\"breadcrumb\":{\"@id\":\"https:\\\/\\\/international.jolstad.no\\\/no\\\/forsendelser-av-dode-til-norge\\\/#breadcrumb\"},\"inLanguage\":\"nb-NO\",\"potentialAction\":[{\"@type\":\"ReadAction\",\"target\":[\"https:\\\/\\\/international.jolstad.no\\\/no\\\/forsendelser-av-dode-til-norge\\\/\"]}]},{\"@type\":\"ImageObject\",\"inLanguage\":\"nb-NO\",\"@id\":\"https:\\\/\\\/international.jolstad.no\\\/no\\\/forsendelser-av-dode-til-norge\\\/#primaryimage\",\"url\":\"https:\\\/\\\/international.jolstad.no\\\/no\\\/wp-content\\\/uploads\\\/sites\\\/7\\\/2023\\\/11\\\/forsendelse-fly.jpg\",\"contentUrl\":\"https:\\\/\\\/international.jolstad.no\\\/no\\\/wp-content\\\/uploads\\\/sites\\\/7\\\/2023\\\/11\\\/forsendelse-fly.jpg\",\"width\":1200,\"height\":1200,\"caption\":\"Fly i lufta som kan transportere\"},{\"@type\":\"BreadcrumbList\",\"@id\":\"https:\\\/\\\/international.jolstad.no\\\/no\\\/forsendelser-av-dode-til-norge\\\/#breadcrumb\",\"itemListElement\":[{\"@type\":\"ListItem\",\"position\":1,\"name\":\"Hjem\",\"item\":\"https:\\\/\\\/international.jolstad.no\\\/no\\\/\"},{\"@type\":\"ListItem\",\"position\":2,\"name\":\"Forsendelser av d\u00f8de til Norge\"}]},{\"@type\":\"WebSite\",\"@id\":\"https:\\\/\\\/international.jolstad.no\\\/no\\\/#website\",\"url\":\"https:\\\/\\\/international.jolstad.no\\\/no\\\/\",\"name\":\"J\u00f8lstad Repatriation Norge\",\"description\":\"Safety and quality\",\"publisher\":{\"@id\":\"https:\\\/\\\/international.jolstad.no\\\/no\\\/#organization\"},\"potentialAction\":[{\"@type\":\"SearchAction\",\"target\":{\"@type\":\"EntryPoint\",\"urlTemplate\":\"https:\\\/\\\/international.jolstad.no\\\/no\\\/?s={search_term_string}\"},\"query-input\":{\"@type\":\"PropertyValueSpecification\",\"valueRequired\":true,\"valueName\":\"search_term_string\"}}],\"inLanguage\":\"nb-NO\"},{\"@type\":\"Organization\",\"@id\":\"https:\\\/\\\/international.jolstad.no\\\/no\\\/#organization\",\"name\":\"J\u00f8lstad Repatriation Norge\",\"url\":\"https:\\\/\\\/international.jolstad.no\\\/no\\\/\",\"logo\":{\"@type\":\"ImageObject\",\"inLanguage\":\"nb-NO\",\"@id\":\"https:\\\/\\\/international.jolstad.no\\\/no\\\/#\\\/schema\\\/logo\\\/image\\\/\",\"url\":\"https:\\\/\\\/international.jolstad.no\\\/no\\\/wp-content\\\/uploads\\\/sites\\\/7\\\/2023\\\/11\\\/jolstad-international-sort.svg\",\"contentUrl\":\"https:\\\/\\\/international.jolstad.no\\\/no\\\/wp-content\\\/uploads\\\/sites\\\/7\\\/2023\\\/11\\\/jolstad-international-sort.svg\",\"caption\":\"J\u00f8lstad Repatriation Norge\"},\"image\":{\"@id\":\"https:\\\/\\\/international.jolstad.no\\\/no\\\/#\\\/schema\\\/logo\\\/image\\\/\"}}]}<\/script>\n<!-- \/ Yoast SEO Premium plugin. -->","yoast_head_json":{"title":"Forsendelse av d\u00f8de til Norge | J\u00f8lstad International","description":"V\u00e5r erfaring og engasjement gir deg tryggheten du trenger i en tid som krever ekstra omsorg. F\u00e5 informasjon om hva vi kan hjelpe deg med her.","robots":{"index":"index","follow":"follow","max-snippet":"max-snippet:-1","max-image-preview":"max-image-preview:large","max-video-preview":"max-video-preview:-1"},"canonical":"https:\/\/international.jolstad.no\/no\/forsendelser-av-dode-til-norge\/","og_locale":"nb_NO","og_type":"article","og_title":"Forsendelser av d\u00f8de til Norge","og_description":"V\u00e5r erfaring og engasjement gir deg tryggheten du trenger i en tid som krever ekstra omsorg. F\u00e5 informasjon om hva vi kan hjelpe deg med her.","og_url":"https:\/\/international.jolstad.no\/no\/forsendelser-av-dode-til-norge\/","og_site_name":"J\u00f8lstad Repatriation Norge","article_modified_time":"2023-12-01T11:40:54+00:00","og_image":[{"width":1200,"height":1200,"url":"https:\/\/international.jolstad.no\/no\/wp-content\/uploads\/sites\/7\/2023\/11\/forsendelse-fly.jpg","type":"image\/jpeg"}],"twitter_card":"summary_large_image","twitter_misc":{"Ansl. lesetid":"1 minutt"},"schema":{"@context":"https:\/\/schema.org","@graph":[{"@type":"WebPage","@id":"https:\/\/international.jolstad.no\/no\/forsendelser-av-dode-til-norge\/","url":"https:\/\/international.jolstad.no\/no\/forsendelser-av-dode-til-norge\/","name":"Forsendelse av d\u00f8de til Norge | J\u00f8lstad International","isPartOf":{"@id":"https:\/\/international.jolstad.no\/no\/#website"},"primaryImageOfPage":{"@id":"https:\/\/international.jolstad.no\/no\/forsendelser-av-dode-til-norge\/#primaryimage"},"image":{"@id":"https:\/\/international.jolstad.no\/no\/forsendelser-av-dode-til-norge\/#primaryimage"},"thumbnailUrl":"https:\/\/international.jolstad.no\/no\/wp-content\/uploads\/sites\/7\/2023\/11\/forsendelse-fly.jpg","datePublished":"2023-10-23T17:38:45+00:00","dateModified":"2023-12-01T11:40:54+00:00","description":"V\u00e5r erfaring og engasjement gir deg tryggheten du trenger i en tid som krever ekstra omsorg. F\u00e5 informasjon om hva vi kan hjelpe deg med her.","breadcrumb":{"@id":"https:\/\/international.jolstad.no\/no\/forsendelser-av-dode-til-norge\/#breadcrumb"},"inLanguage":"nb-NO","potentialAction":[{"@type":"ReadAction","target":["https:\/\/international.jolstad.no\/no\/forsendelser-av-dode-til-norge\/"]}]},{"@type":"ImageObject","inLanguage":"nb-NO","@id":"https:\/\/international.jolstad.no\/no\/forsendelser-av-dode-til-norge\/#primaryimage","url":"https:\/\/international.jolstad.no\/no\/wp-content\/uploads\/sites\/7\/2023\/11\/forsendelse-fly.jpg","contentUrl":"https:\/\/international.jolstad.no\/no\/wp-content\/uploads\/sites\/7\/2023\/11\/forsendelse-fly.jpg","width":1200,"height":1200,"caption":"Fly i lufta som kan transportere"},{"@type":"BreadcrumbList","@id":"https:\/\/international.jolstad.no\/no\/forsendelser-av-dode-til-norge\/#breadcrumb","itemListElement":[{"@type":"ListItem","position":1,"name":"Hjem","item":"https:\/\/international.jolstad.no\/no\/"},{"@type":"ListItem","position":2,"name":"Forsendelser av d\u00f8de til Norge"}]},{"@type":"WebSite","@id":"https:\/\/international.jolstad.no\/no\/#website","url":"https:\/\/international.jolstad.no\/no\/","name":"J\u00f8lstad Repatriation Norge","description":"Safety and quality","publisher":{"@id":"https:\/\/international.jolstad.no\/no\/#organization"},"potentialAction":[{"@type":"SearchAction","target":{"@type":"EntryPoint","urlTemplate":"https:\/\/international.jolstad.no\/no\/?s={search_term_string}"},"query-input":{"@type":"PropertyValueSpecification","valueRequired":true,"valueName":"search_term_string"}}],"inLanguage":"nb-NO"},{"@type":"Organization","@id":"https:\/\/international.jolstad.no\/no\/#organization","name":"J\u00f8lstad Repatriation Norge","url":"https:\/\/international.jolstad.no\/no\/","logo":{"@type":"ImageObject","inLanguage":"nb-NO","@id":"https:\/\/international.jolstad.no\/no\/#\/schema\/logo\/image\/","url":"https:\/\/international.jolstad.no\/no\/wp-content\/uploads\/sites\/7\/2023\/11\/jolstad-international-sort.svg","contentUrl":"https:\/\/international.jolstad.no\/no\/wp-content\/uploads\/sites\/7\/2023\/11\/jolstad-international-sort.svg","caption":"J\u00f8lstad Repatriation Norge"},"image":{"@id":"https:\/\/international.jolstad.no\/no\/#\/schema\/logo\/image\/"}}]}},"_links":{"self":[{"href":"https:\/\/international.jolstad.no\/no\/wp-json\/wp\/v2\/pages\/35","targetHints":{"allow":["GET"]}}],"collection":[{"href":"https:\/\/international.jolstad.no\/no\/wp-json\/wp\/v2\/pages"}],"about":[{"href":"https:\/\/international.jolstad.no\/no\/wp-json\/wp\/v2\/types\/page"}],"author":[{"embeddable":true,"href":"https:\/\/international.jolstad.no\/no\/wp-json\/wp\/v2\/users\/1"}],"replies":[{"embeddable":true,"href":"https:\/\/international.jolstad.no\/no\/wp-json\/wp\/v2\/comments?post=35"}],"version-history":[{"count":15,"href":"https:\/\/international.jolstad.no\/no\/wp-json\/wp\/v2\/pages\/35\/revisions"}],"predecessor-version":[{"id":298,"href":"https:\/\/international.jolstad.no\/no\/wp-json\/wp\/v2\/pages\/35\/revisions\/298"}],"wp:featuredmedia":[{"embeddable":true,"href":"https:\/\/international.jolstad.no\/no\/wp-json\/wp\/v2\/media\/228"}],"wp:attachment":[{"href":"https:\/\/international.jolstad.no\/no\/wp-json\/wp\/v2\/media?parent=35"}],"curies":[{"name":"wp","href":"https:\/\/api.w.org\/{rel}","templated":true}]}}