{"id":14,"date":"2023-10-20T08:39:06","date_gmt":"2023-10-20T06:39:06","guid":{"rendered":"https:\/\/jolstad.no\/repatriation\/?page_id=14"},"modified":"2023-12-12T09:52:03","modified_gmt":"2023-12-12T08:52:03","slug":"forsiden","status":"publish","type":"page","link":"https:\/\/international.jolstad.no\/no\/","title":{"rendered":"Forsendelser av d\u00f8de til og fra Norge"},"content":{"rendered":"","protected":false},"excerpt":{"rendered":"","protected":false},"author":1,"featured_media":135,"parent":0,"menu_order":0,"comment_status":"closed","ping_status":"closed","template":"","meta":{"_acf_changed":false,"footnotes":""},"class_list":["post-14","page","type-page","status-publish","has-post-thumbnail","hentry"],"acf":[],"yoast_head":"<!-- This site is optimized with the Yoast SEO Premium plugin v21.0 (Yoast SEO v27.4) - https:\/\/yoast.com\/product\/yoast-seo-premium-wordpress\/ -->\n<title>Forsendelser av d\u00f8de til og fra Norge | J\u00f8lstad International<\/title>\n<meta name=\"description\" content=\"Vi er et utpekt team innen J\u00f8lstad begravelsesbyr\u00e5er som ivaretar alt repatrieringsarbeid for private familier, andre begravelsesbyr\u00e5er og bedriftskunder.\" \/>\n<meta name=\"robots\" content=\"index, follow, max-snippet:-1, max-image-preview:large, max-video-preview:-1\" \/>\n<link rel=\"canonical\" href=\"https:\/\/international.jolstad.no\/no\/\" \/>\n<meta property=\"og:locale\" content=\"nb_NO\" \/>\n<meta property=\"og:type\" content=\"article\" \/>\n<meta property=\"og:title\" content=\"Forsendelser av d\u00f8de til og fra Norge\" \/>\n<meta property=\"og:description\" content=\"Vi er et utpekt team innen J\u00f8lstad begravelsesbyr\u00e5er som ivaretar alt repatrieringsarbeid for private familier, andre begravelsesbyr\u00e5er og bedriftskunder.\" \/>\n<meta property=\"og:url\" content=\"https:\/\/international.jolstad.no\/no\/\" \/>\n<meta property=\"og:site_name\" content=\"J\u00f8lstad Repatriation Norge\" \/>\n<meta property=\"article:modified_time\" content=\"2023-12-12T08:52:03+00:00\" \/>\n<meta property=\"og:image\" content=\"https:\/\/international.jolstad.no\/no\/wp-content\/uploads\/sites\/7\/2023\/10\/jolstad-repatriation.jpg\" \/>\n\t<meta property=\"og:image:width\" content=\"559\" \/>\n\t<meta property=\"og:image:height\" content=\"559\" \/>\n\t<meta property=\"og:image:type\" content=\"image\/jpeg\" \/>\n<meta name=\"twitter:card\" content=\"summary_large_image\" \/>\n<script type=\"application\/ld+json\" class=\"yoast-schema-graph\">{\"@context\":\"https:\\\/\\\/schema.org\",\"@graph\":[{\"@type\":\"WebPage\",\"@id\":\"https:\\\/\\\/international.jolstad.no\\\/no\\\/\",\"url\":\"https:\\\/\\\/international.jolstad.no\\\/no\\\/\",\"name\":\"Forsendelser av d\u00f8de til og fra Norge | J\u00f8lstad International\",\"isPartOf\":{\"@id\":\"https:\\\/\\\/international.jolstad.no\\\/no\\\/#website\"},\"primaryImageOfPage\":{\"@id\":\"https:\\\/\\\/international.jolstad.no\\\/no\\\/#primaryimage\"},\"image\":{\"@id\":\"https:\\\/\\\/international.jolstad.no\\\/no\\\/#primaryimage\"},\"thumbnailUrl\":\"https:\\\/\\\/international.jolstad.no\\\/no\\\/wp-content\\\/uploads\\\/sites\\\/7\\\/2023\\\/10\\\/jolstad-repatriation.jpg\",\"datePublished\":\"2023-10-20T06:39:06+00:00\",\"dateModified\":\"2023-12-12T08:52:03+00:00\",\"description\":\"Vi er et utpekt team innen J\u00f8lstad begravelsesbyr\u00e5er som ivaretar alt repatrieringsarbeid for private familier, andre begravelsesbyr\u00e5er og bedriftskunder.\",\"breadcrumb\":{\"@id\":\"https:\\\/\\\/international.jolstad.no\\\/no\\\/#breadcrumb\"},\"inLanguage\":\"nb-NO\",\"potentialAction\":[{\"@type\":\"ReadAction\",\"target\":[\"https:\\\/\\\/international.jolstad.no\\\/no\\\/\"]}]},{\"@type\":\"ImageObject\",\"inLanguage\":\"nb-NO\",\"@id\":\"https:\\\/\\\/international.jolstad.no\\\/no\\\/#primaryimage\",\"url\":\"https:\\\/\\\/international.jolstad.no\\\/no\\\/wp-content\\\/uploads\\\/sites\\\/7\\\/2023\\\/10\\\/jolstad-repatriation.jpg\",\"contentUrl\":\"https:\\\/\\\/international.jolstad.no\\\/no\\\/wp-content\\\/uploads\\\/sites\\\/7\\\/2023\\\/10\\\/jolstad-repatriation.jpg\",\"width\":559,\"height\":559,\"caption\":\"Papirfly som illustrerer at man frakter avd\u00f8de\"},{\"@type\":\"BreadcrumbList\",\"@id\":\"https:\\\/\\\/international.jolstad.no\\\/no\\\/#breadcrumb\",\"itemListElement\":[{\"@type\":\"ListItem\",\"position\":1,\"name\":\"Hjem\",\"item\":\"https:\\\/\\\/international.jolstad.no\\\/no\\\/\"},{\"@type\":\"ListItem\",\"position\":2,\"name\":\"Forsendelser av d\u00f8de til og fra Norge\"}]},{\"@type\":\"WebSite\",\"@id\":\"https:\\\/\\\/international.jolstad.no\\\/no\\\/#website\",\"url\":\"https:\\\/\\\/international.jolstad.no\\\/no\\\/\",\"name\":\"J\u00f8lstad Repatriation Norge\",\"description\":\"Safety and quality\",\"publisher\":{\"@id\":\"https:\\\/\\\/international.jolstad.no\\\/no\\\/#organization\"},\"potentialAction\":[{\"@type\":\"SearchAction\",\"target\":{\"@type\":\"EntryPoint\",\"urlTemplate\":\"https:\\\/\\\/international.jolstad.no\\\/no\\\/?s={search_term_string}\"},\"query-input\":{\"@type\":\"PropertyValueSpecification\",\"valueRequired\":true,\"valueName\":\"search_term_string\"}}],\"inLanguage\":\"nb-NO\"},{\"@type\":\"Organization\",\"@id\":\"https:\\\/\\\/international.jolstad.no\\\/no\\\/#organization\",\"name\":\"J\u00f8lstad Repatriation Norge\",\"url\":\"https:\\\/\\\/international.jolstad.no\\\/no\\\/\",\"logo\":{\"@type\":\"ImageObject\",\"inLanguage\":\"nb-NO\",\"@id\":\"https:\\\/\\\/international.jolstad.no\\\/no\\\/#\\\/schema\\\/logo\\\/image\\\/\",\"url\":\"https:\\\/\\\/international.jolstad.no\\\/no\\\/wp-content\\\/uploads\\\/sites\\\/7\\\/2023\\\/11\\\/jolstad-international-sort.svg\",\"contentUrl\":\"https:\\\/\\\/international.jolstad.no\\\/no\\\/wp-content\\\/uploads\\\/sites\\\/7\\\/2023\\\/11\\\/jolstad-international-sort.svg\",\"caption\":\"J\u00f8lstad Repatriation Norge\"},\"image\":{\"@id\":\"https:\\\/\\\/international.jolstad.no\\\/no\\\/#\\\/schema\\\/logo\\\/image\\\/\"}}]}<\/script>\n<!-- \/ Yoast SEO Premium plugin. -->","yoast_head_json":{"title":"Forsendelser av d\u00f8de til og fra Norge | J\u00f8lstad International","description":"Vi er et utpekt team innen J\u00f8lstad begravelsesbyr\u00e5er som ivaretar alt repatrieringsarbeid for private familier, andre begravelsesbyr\u00e5er og bedriftskunder.","robots":{"index":"index","follow":"follow","max-snippet":"max-snippet:-1","max-image-preview":"max-image-preview:large","max-video-preview":"max-video-preview:-1"},"canonical":"https:\/\/international.jolstad.no\/no\/","og_locale":"nb_NO","og_type":"article","og_title":"Forsendelser av d\u00f8de til og fra Norge","og_description":"Vi er et utpekt team innen J\u00f8lstad begravelsesbyr\u00e5er som ivaretar alt repatrieringsarbeid for private familier, andre begravelsesbyr\u00e5er og bedriftskunder.","og_url":"https:\/\/international.jolstad.no\/no\/","og_site_name":"J\u00f8lstad Repatriation Norge","article_modified_time":"2023-12-12T08:52:03+00:00","og_image":[{"width":559,"height":559,"url":"https:\/\/international.jolstad.no\/no\/wp-content\/uploads\/sites\/7\/2023\/10\/jolstad-repatriation.jpg","type":"image\/jpeg"}],"twitter_card":"summary_large_image","schema":{"@context":"https:\/\/schema.org","@graph":[{"@type":"WebPage","@id":"https:\/\/international.jolstad.no\/no\/","url":"https:\/\/international.jolstad.no\/no\/","name":"Forsendelser av d\u00f8de til og fra Norge | J\u00f8lstad International","isPartOf":{"@id":"https:\/\/international.jolstad.no\/no\/#website"},"primaryImageOfPage":{"@id":"https:\/\/international.jolstad.no\/no\/#primaryimage"},"image":{"@id":"https:\/\/international.jolstad.no\/no\/#primaryimage"},"thumbnailUrl":"https:\/\/international.jolstad.no\/no\/wp-content\/uploads\/sites\/7\/2023\/10\/jolstad-repatriation.jpg","datePublished":"2023-10-20T06:39:06+00:00","dateModified":"2023-12-12T08:52:03+00:00","description":"Vi er et utpekt team innen J\u00f8lstad begravelsesbyr\u00e5er som ivaretar alt repatrieringsarbeid for private familier, andre begravelsesbyr\u00e5er og bedriftskunder.","breadcrumb":{"@id":"https:\/\/international.jolstad.no\/no\/#breadcrumb"},"inLanguage":"nb-NO","potentialAction":[{"@type":"ReadAction","target":["https:\/\/international.jolstad.no\/no\/"]}]},{"@type":"ImageObject","inLanguage":"nb-NO","@id":"https:\/\/international.jolstad.no\/no\/#primaryimage","url":"https:\/\/international.jolstad.no\/no\/wp-content\/uploads\/sites\/7\/2023\/10\/jolstad-repatriation.jpg","contentUrl":"https:\/\/international.jolstad.no\/no\/wp-content\/uploads\/sites\/7\/2023\/10\/jolstad-repatriation.jpg","width":559,"height":559,"caption":"Papirfly som illustrerer at man frakter avd\u00f8de"},{"@type":"BreadcrumbList","@id":"https:\/\/international.jolstad.no\/no\/#breadcrumb","itemListElement":[{"@type":"ListItem","position":1,"name":"Hjem","item":"https:\/\/international.jolstad.no\/no\/"},{"@type":"ListItem","position":2,"name":"Forsendelser av d\u00f8de til og fra Norge"}]},{"@type":"WebSite","@id":"https:\/\/international.jolstad.no\/no\/#website","url":"https:\/\/international.jolstad.no\/no\/","name":"J\u00f8lstad Repatriation Norge","description":"Safety and quality","publisher":{"@id":"https:\/\/international.jolstad.no\/no\/#organization"},"potentialAction":[{"@type":"SearchAction","target":{"@type":"EntryPoint","urlTemplate":"https:\/\/international.jolstad.no\/no\/?s={search_term_string}"},"query-input":{"@type":"PropertyValueSpecification","valueRequired":true,"valueName":"search_term_string"}}],"inLanguage":"nb-NO"},{"@type":"Organization","@id":"https:\/\/international.jolstad.no\/no\/#organization","name":"J\u00f8lstad Repatriation Norge","url":"https:\/\/international.jolstad.no\/no\/","logo":{"@type":"ImageObject","inLanguage":"nb-NO","@id":"https:\/\/international.jolstad.no\/no\/#\/schema\/logo\/image\/","url":"https:\/\/international.jolstad.no\/no\/wp-content\/uploads\/sites\/7\/2023\/11\/jolstad-international-sort.svg","contentUrl":"https:\/\/international.jolstad.no\/no\/wp-content\/uploads\/sites\/7\/2023\/11\/jolstad-international-sort.svg","caption":"J\u00f8lstad Repatriation Norge"},"image":{"@id":"https:\/\/international.jolstad.no\/no\/#\/schema\/logo\/image\/"}}]}},"_links":{"self":[{"href":"https:\/\/international.jolstad.no\/no\/wp-json\/wp\/v2\/pages\/14","targetHints":{"allow":["GET"]}}],"collection":[{"href":"https:\/\/international.jolstad.no\/no\/wp-json\/wp\/v2\/pages"}],"about":[{"href":"https:\/\/international.jolstad.no\/no\/wp-json\/wp\/v2\/types\/page"}],"author":[{"embeddable":true,"href":"https:\/\/international.jolstad.no\/no\/wp-json\/wp\/v2\/users\/1"}],"replies":[{"embeddable":true,"href":"https:\/\/international.jolstad.no\/no\/wp-json\/wp\/v2\/comments?post=14"}],"version-history":[{"count":46,"href":"https:\/\/international.jolstad.no\/no\/wp-json\/wp\/v2\/pages\/14\/revisions"}],"predecessor-version":[{"id":303,"href":"https:\/\/international.jolstad.no\/no\/wp-json\/wp\/v2\/pages\/14\/revisions\/303"}],"wp:featuredmedia":[{"embeddable":true,"href":"https:\/\/international.jolstad.no\/no\/wp-json\/wp\/v2\/media\/135"}],"wp:attachment":[{"href":"https:\/\/international.jolstad.no\/no\/wp-json\/wp\/v2\/media?parent=14"}],"curies":[{"name":"wp","href":"https:\/\/api.w.org\/{rel}","templated":true}]}}